{"id":138,"date":"2019-08-27T09:48:28","date_gmt":"2019-08-27T12:48:28","guid":{"rendered":"http:\/\/pymes.bantics.com.ar\/?page_id=138"},"modified":"2019-08-27T10:11:53","modified_gmt":"2019-08-27T13:11:53","slug":"modelado3d","status":"publish","type":"page","link":"https:\/\/pymes.bantics.com.ar\/?page_id=138","title":{"rendered":"Modelado3d"},"content":{"rendered":"<div id=\"basico\" class=\"col1 primeracol \">\n<h4 style=\"color:grey;font-family:Helvetica Neue,Helvetica,Roboto,Arial,sans-serif;line-height:1.3em;font-size:1.4em;\">El modelado 3D es el proceso de desarrollo de una representaci\u00f3n matem\u00e1tica de cualquier objeto tridimensional (ya sea inanimado o vivo) a trav\u00e9s de un software especializado. Al producto se le llama modelo 3D. Se puede visualizar como una imagen bidimensional mediante un proceso llamado renderizado 3D o utilizar en una simulaci\u00f3n por computadora de fen\u00f3menos f\u00edsicos. El modelo tambi\u00e9n se puede crear f\u00edsicamente usando dispositivos de impresi\u00f3n 3D.<\/p>\n<p>Los modelos pueden ser creados autom\u00e1tica o manualmente. El proceso manual de preparar la informaci\u00f3n geom\u00e9trica para los gr\u00e1ficos 3D es similar al de las artes pl\u00e1sticas y la escultura.<\/h4>\n<p><img decoding=\"async\" src=\"http:\/\/pymes.bantics.com.ar\/wp-content\/uploads\/2019\/08\/57.jpg\"><\/p>\n<div class=\"col-md-4\">\n<div class=\"eds-animate edsanimate-sis-hidden \" data-eds-entry-animation=\"bounceInRight\" data-eds-entry-delay=\"0\" data-eds-entry-duration=\"0.4\" data-eds-entry-timing=\"linear\" data-eds-exit-animation=\"\" data-eds-exit-delay=\"\" data-eds-exit-duration=\"\" data-eds-exit-timing=\"\" data-eds-repeat-count=\"1\" data-eds-keep=\"yes\" data-eds-animate-on=\"scroll\" data-eds-scroll-offset=\"75\">\n<div class=\"plan_profesional\">\n<center><\/p>\n<h3 style=\"color:white;\"><i class=\"fa fa-paint-brush\" style=\"color:white;\"><\/i><br \/>\nMODELADO 3D<\/center><\/h3>\n<h4 style=\"text-align:center !important;color:white\">$3250,00<\/h4>\n<hr \/>\n<p><i class=\"fa fa-check\"><\/i> Modelado 3D<br \/>\n<i class=\"fa fa-check\"><\/i> Archivo .3df<br \/>\n<i class=\"fa fa-check\"><\/i> Render final<br \/>\n<i class=\"fa fa-check\"><\/i> hasta 5 fondos.<br \/>\n<i class=\"fa fa-check\"><\/i> Objetos 3d<br \/>\n<i class=\"fa fa-check\"><\/i> Texturas reales<br \/>\n<i class=\"fa fa-check\"><\/i> Animacion.<br \/>\n<\/div>\n<\/div>\n<h3><\/div>\n<div class=\"col-md-4\">\n<div class=\"eds-animate edsanimate-sis-hidden \" data-eds-entry-animation=\"bounceInRight\" data-eds-entry-delay=\"0\" data-eds-entry-duration=\"0.5\" data-eds-entry-timing=\"linear\" data-eds-exit-animation=\"\" data-eds-exit-delay=\"\" data-eds-exit-duration=\"\" data-eds-exit-timing=\"\" data-eds-repeat-count=\"1\" data-eds-keep=\"yes\" data-eds-animate-on=\"scroll\" data-eds-scroll-offset=\"75\"><\/h3>\n<div class=\"plan_profesional\">\n<center><\/p>\n<h3 style=\"color:white;\"><i class=\"fa fa-paint-brush\" style=\"color:white;\"><\/i><br \/>\nMODELADO 3D<\/center><\/h3>\n<h4 style=\"text-align:center !important;color:white\">$6500,00<\/h4>\n<hr \/>\n<p><i class=\"fa fa-check\"><\/i> Modelado 3D<br \/>\n<i class=\"fa fa-check\"><\/i> Archivo .3df<br \/>\n<i class=\"fa fa-check\"><\/i> Render final<br \/>\n<i class=\"fa fa-check\"><\/i> hasta 5 fondos.<br \/>\n<i class=\"fa fa-check\"><\/i> Objetos 3d<br \/>\n<i class=\"fa fa-check\"><\/i> Texturas reales<br \/>\n<i class=\"fa fa-check\"><\/i> Animacion.<\/p>\n<\/div>\n<\/div>\n<\/div>\n<div class=\"col-md-4\">\n<div class=\"eds-animate edsanimate-sis-hidden \" data-eds-entry-animation=\"bounceInRight\" data-eds-entry-delay=\"0\" data-eds-entry-duration=\"0.6\" data-eds-entry-timing=\"linear\" data-eds-exit-animation=\"\" data-eds-exit-delay=\"\" data-eds-exit-duration=\"\" data-eds-exit-timing=\"\" data-eds-repeat-count=\"1\" data-eds-keep=\"yes\" data-eds-animate-on=\"scroll\" data-eds-scroll-offset=\"75\">\n<div class=\"plan_profesional\">\n<center><\/p>\n<h3 style=\"color:white;\"><i class=\"fa fa-paint-brush\" style=\"color:white;\"><\/i><br \/>\nMODELADO 3D<\/center><\/h3>\n<h4 style=\"text-align:center !important;color:white\">$18200,00<\/h4>\n<hr \/>\n<p><i class=\"fa fa-check\"><\/i> Modelado 3D<br \/>\n<i class=\"fa fa-check\"><\/i> Archivo .3df<br \/>\n<i class=\"fa fa-check\"><\/i> Render final<br \/>\n<i class=\"fa fa-check\"><\/i> hasta 5 fondos.<br \/>\n<i class=\"fa fa-check\"><\/i> Objetos 3d<br \/>\n<i class=\"fa fa-check\"><\/i> Texturas reales<br \/>\n<i class=\"fa fa-check\"><\/i> Animacion.<\/p>\n<\/div>\n<\/div>\n<\/div>\n<\/div>\n<\/div>\n<\/div>\n<\/div><\/div><\/div>\n","protected":false},"excerpt":{"rendered":"<p>El modelado 3D es el proceso de desarrollo de una representaci\u00f3n matem\u00e1tica de cualquier objeto tridimensional (ya sea inanimado o vivo) a trav\u00e9s de un software especializado. Al producto se le llama modelo 3D. Se puede visualizar como una imagen &hellip; <a href=\"https:\/\/pymes.bantics.com.ar\/?page_id=138\">Continuar<\/a><\/p>\n","protected":false},"author":1,"featured_media":0,"parent":0,"menu_order":0,"comment_status":"closed","ping_status":"closed","template":"page-fullwidth.php","meta":{"footnotes":""},"class_list":["post-138","page","type-page","status-publish","hentry"],"_links":{"self":[{"href":"https:\/\/pymes.bantics.com.ar\/index.php?rest_route=\/wp\/v2\/pages\/138","targetHints":{"allow":["GET"]}}],"collection":[{"href":"https:\/\/pymes.bantics.com.ar\/index.php?rest_route=\/wp\/v2\/pages"}],"about":[{"href":"https:\/\/pymes.bantics.com.ar\/index.php?rest_route=\/wp\/v2\/types\/page"}],"author":[{"embeddable":true,"href":"https:\/\/pymes.bantics.com.ar\/index.php?rest_route=\/wp\/v2\/users\/1"}],"replies":[{"embeddable":true,"href":"https:\/\/pymes.bantics.com.ar\/index.php?rest_route=%2Fwp%2Fv2%2Fcomments&post=138"}],"version-history":[{"count":12,"href":"https:\/\/pymes.bantics.com.ar\/index.php?rest_route=\/wp\/v2\/pages\/138\/revisions"}],"predecessor-version":[{"id":152,"href":"https:\/\/pymes.bantics.com.ar\/index.php?rest_route=\/wp\/v2\/pages\/138\/revisions\/152"}],"wp:attachment":[{"href":"https:\/\/pymes.bantics.com.ar\/index.php?rest_route=%2Fwp%2Fv2%2Fmedia&parent=138"}],"curies":[{"name":"wp","href":"https:\/\/api.w.org\/{rel}","templated":true}]}}