{"id":155,"date":"2019-08-27T10:14:42","date_gmt":"2019-08-27T13:14:42","guid":{"rendered":"http:\/\/pymes.bantics.com.ar\/?page_id=155"},"modified":"2019-08-27T10:23:28","modified_gmt":"2019-08-27T13:23:28","slug":"escaneo-3d","status":"publish","type":"page","link":"https:\/\/pymes.bantics.com.ar\/?page_id=155","title":{"rendered":"Escaneo 3D"},"content":{"rendered":"<h4 style=\"color:grey;font-family:Helvetica Neue,Helvetica,Roboto,Arial,sans-serif;line-height:1.3em;font-size:1.4em;\">\nUn esc\u00e1ner 3D es un dispositivo que analiza un objeto o una escena para reunir datos de su forma y ocasionalmente su color. La informaci\u00f3n obtenida se puede usar para construir modelos digitales tridimensionales que se utilizan en una amplia variedad de aplicaciones. Desarrollados inicialmente en aplicaciones industriales (metrolog\u00eda, autom\u00f3vil), han encontrado un vasto campo de aplicaci\u00f3n en actividades como la arqueolog\u00eda, arquitectura, ingenier\u00eda, y entretenimiento (en la producci\u00f3n de pel\u00edculas y videojuegos).<\/h4>\n<p><img decoding=\"async\" src=\"http:\/\/pymes.bantics.com.ar\/wp-content\/uploads\/2019\/08\/Eva-produkt.jpg\"><\/p>\n<p><iframe loading=\"lazy\" width=\"100%\" height=\"550\" src=\"https:\/\/www.youtube.com\/embed\/U7bFdErQQz0\" frameborder=\"0\" allow=\"accelerometer; autoplay; encrypted-media; gyroscope; picture-in-picture\" allowfullscreen><\/iframe><\/p>\n","protected":false},"excerpt":{"rendered":"<p>Un esc\u00e1ner 3D es un dispositivo que analiza un objeto o una escena para reunir datos de su forma y ocasionalmente su color. La informaci\u00f3n obtenida se puede usar para construir modelos digitales tridimensionales que se utilizan en una amplia &hellip; <a href=\"https:\/\/pymes.bantics.com.ar\/?page_id=155\">Continuar<\/a><\/p>\n","protected":false},"author":1,"featured_media":0,"parent":0,"menu_order":0,"comment_status":"closed","ping_status":"closed","template":"page-fullwidth.php","meta":{"footnotes":""},"class_list":["post-155","page","type-page","status-publish","hentry"],"_links":{"self":[{"href":"https:\/\/pymes.bantics.com.ar\/index.php?rest_route=\/wp\/v2\/pages\/155","targetHints":{"allow":["GET"]}}],"collection":[{"href":"https:\/\/pymes.bantics.com.ar\/index.php?rest_route=\/wp\/v2\/pages"}],"about":[{"href":"https:\/\/pymes.bantics.com.ar\/index.php?rest_route=\/wp\/v2\/types\/page"}],"author":[{"embeddable":true,"href":"https:\/\/pymes.bantics.com.ar\/index.php?rest_route=\/wp\/v2\/users\/1"}],"replies":[{"embeddable":true,"href":"https:\/\/pymes.bantics.com.ar\/index.php?rest_route=%2Fwp%2Fv2%2Fcomments&post=155"}],"version-history":[{"count":7,"href":"https:\/\/pymes.bantics.com.ar\/index.php?rest_route=\/wp\/v2\/pages\/155\/revisions"}],"predecessor-version":[{"id":164,"href":"https:\/\/pymes.bantics.com.ar\/index.php?rest_route=\/wp\/v2\/pages\/155\/revisions\/164"}],"wp:attachment":[{"href":"https:\/\/pymes.bantics.com.ar\/index.php?rest_route=%2Fwp%2Fv2%2Fmedia&parent=155"}],"curies":[{"name":"wp","href":"https:\/\/api.w.org\/{rel}","templated":true}]}}